{"id":96,"date":"2013-08-11T19:06:15","date_gmt":"2013-08-11T19:06:15","guid":{"rendered":"http:\/\/localhost:8888\/test\/?page_id=520"},"modified":"2025-10-10T15:06:27","modified_gmt":"2025-10-10T18:06:27","slug":"nosotros","status":"publish","type":"page","link":"https:\/\/clinicadelavision.com.ar\/wordpress\/nosotros\/","title":{"rendered":"Nosotros"},"content":{"rendered":"\n\n  <div class=\"banner has-hover has-video\" id=\"banner-1904848432\">\n          <div class=\"banner-inner fill\">\n        <div class=\"banner-bg fill\" >\n                        \t<div class=\"video-overlay no-click fill visible\"><\/div>\n\t<video class=\"video-bg fill visible\" preload playsinline autoplay muted loop>\n\t\t<source src=\"https:\/\/clinicadelavision.com.ar\/wordpress\/wp-content\/uploads\/2025\/10\/clinicadelavision_gPID0vkF.mp4\" type=\"video\/mp4\">\t<\/video>\n            <div class=\"overlay\"><\/div>            \n                    <\/div>\n\t\t\n        <div class=\"banner-layers container\">\n            <div class=\"fill banner-link\"><\/div>            \n\n   <div id=\"text-box-981667964\" class=\"text-box banner-layer x50 md-x50 lg-x50 y80 md-y80 lg-y80 res-text\">\n                                <div class=\"text-box-content text dark\">\n              \n              <div class=\"text-inner text-center\">\n                  \n\n\n              <\/div>\n           <\/div>\n                            \n<style>\n#text-box-981667964 {\n  width: 60%;\n}\n#text-box-981667964 .text-box-content {\n  font-size: 100%;\n}\n<\/style>\n    <\/div>\n \n\n        <\/div>\n      <\/div>\n\n            \n<style>\n#banner-1904848432 {\n  padding-top: 507px;\n}\n#banner-1904848432 .overlay {\n  background-color: rgba(0,0,0,.5);\n}\n<\/style>\n  <\/div>\n\n\n<div class=\"row\"  id=\"row-1347776746\">\n\n\n\t<div id=\"col-1356189383\" class=\"col small-12 large-12\"  >\n\t\t\t\t<div class=\"col-inner\"  >\n\t\t\t\n\t\t\t\n\n\t<div id=\"text-2443986293\" class=\"text\">\n\t\t\n\n<p class=\"lead text-center\"><strong>Nuestra Cl\u00ednica<\/strong>  esta emplazada en el macrocentro de la ciudad de Bah\u00eda Blanca. Desde nuestros inicios hemos procurado la excelencia en la atenci\u00f3n al paciente, adquisici\u00f3n de nuevas tecnolog\u00edas y por supuesto la capacitaci\u00f3n constante de nuestros profesionales. Es as\u00ed que Cl\u00ednica de la Visi\u00f3n se ha posicionado a nivel nacional entre la mejores del pa\u00eds, brindando operaciones refractivas y tratamientos \u00fanicos a sus pacientes. Acerquese y descubra una nueva manera de ver la vida.<\/p>\n\t\t\n<style>\n#text-2443986293 {\n  font-size: 0.8rem;\n}\n<\/style>\n\t<\/div>\n\t\n<div class=\"text-center\"><div class=\"is-divider divider clearfix\" ><\/div><\/div>\n\n\n\t\t<\/div>\n\t\t\t\t\t<\/div>\n\n\t\n\n\t<div id=\"col-2050105056\" class=\"col medium-3 small-12 large-3\"  >\n\t\t\t\t<div class=\"col-inner\"  >\n\t\t\t\n\t\t\t\n\n    <div class=\"box has-hover has-hover box-text-bottom\" >\n\n                  <div class=\"box-image \" style=\"width:80%;\">\n           <div class=\"box-image-inner image-cover\" style=\"border-radius:100%;padding-top:100%;\">\n              <img loading=\"lazy\" decoding=\"async\" width=\"389\" height=\"324\" src=\"https:\/\/clinicadelavision.com.ar\/wordpress\/wp-content\/uploads\/2025\/10\/CDLV-Rivero-s-f.png\" class=\"attachment- size-\" alt=\"\" \/>                         <\/div>\n          <\/div>\n         \n          <div class=\"box-text text-center\" >\n                <div class=\"box-text-inner\">\n                  <h4 class=\"uppercase\">\n                    <span class=\"person-name\">dr. Eduardo rivero<\/span><br\/>\n                    <span class=\"person-title is-small thin-font op-7\">\n                      CEO                    <\/span>\n                  <\/h4>\n\t\t\t\t\t\n\n<p>Especialista consultor en oftalmolog\u00eda, cirug\u00eda refractiva y catarata.<\/p>\n\n                <\/div>\n          <\/div>\n    <\/div>\n\n\t\n    \n\n\t\t<\/div>\n\t\t\t\t\t<\/div>\n\n\t\n\n\t<div id=\"col-1918892579\" class=\"col medium-3 small-12 large-3\"  >\n\t\t\t\t<div class=\"col-inner\"  >\n\t\t\t\n\t\t\t\n\n    <div class=\"box has-hover has-hover box-text-bottom\" >\n\n                  <div class=\"box-image \" style=\"width:80%;\">\n           <div class=\"box-image-inner image-cover\" style=\"border-radius:100%;padding-top:100%;\">\n              <img loading=\"lazy\" decoding=\"async\" width=\"576\" height=\"324\" src=\"https:\/\/clinicadelavision.com.ar\/wordpress\/wp-content\/uploads\/2025\/10\/CDLV-Paula-s.png\" class=\"attachment- size-\" alt=\"\" \/>                         <\/div>\n          <\/div>\n         \n          <div class=\"box-text text-center\" >\n                <div class=\"box-text-inner\">\n                  <h4 class=\"uppercase\">\n                    <span class=\"person-name\">Dra. Paula Fernandez Candel<\/span><br\/>\n                    <span class=\"person-title is-small thin-font op-7\">\n                                          <\/span>\n                  <\/h4>\n\t\t\t\t\t\n\n<p>Especialista en glaucoma y retina<\/p>\n\n                <\/div>\n          <\/div>\n    <\/div>\n\n\t\n    \n\n\t\t<\/div>\n\t\t\t\t\t<\/div>\n\n\t\n\n\t<div id=\"col-1535991590\" class=\"col medium-3 small-12 large-3\"  >\n\t\t\t\t<div class=\"col-inner\"  >\n\t\t\t\n\t\t\t\n\n    <div class=\"box has-hover has-hover box-text-bottom\" >\n\n                  <div class=\"box-image \" style=\"width:80%;\">\n           <div class=\"box-image-inner image-cover\" style=\"border-radius:100%;padding-top:100%;\">\n              <img loading=\"lazy\" decoding=\"async\" width=\"1042\" height=\"1024\" src=\"https:\/\/clinicadelavision.com.ar\/wordpress\/wp-content\/uploads\/2025\/10\/musini-s-f.png\" class=\"attachment- size-\" alt=\"\" srcset=\"https:\/\/clinicadelavision.com.ar\/wordpress\/wp-content\/uploads\/2025\/10\/musini-s-f.png 1042w, https:\/\/clinicadelavision.com.ar\/wordpress\/wp-content\/uploads\/2025\/10\/musini-s-f-407x400.png 407w, https:\/\/clinicadelavision.com.ar\/wordpress\/wp-content\/uploads\/2025\/10\/musini-s-f-814x800.png 814w, https:\/\/clinicadelavision.com.ar\/wordpress\/wp-content\/uploads\/2025\/10\/musini-s-f-768x755.png 768w, https:\/\/clinicadelavision.com.ar\/wordpress\/wp-content\/uploads\/2025\/10\/musini-s-f-600x590.png 600w\" sizes=\"auto, (max-width: 1042px) 100vw, 1042px\" \/>                         <\/div>\n          <\/div>\n         \n          <div class=\"box-text text-center\" >\n                <div class=\"box-text-inner\">\n                  <h4 class=\"uppercase\">\n                    <span class=\"person-name\">Dr. Mauricio Mussini<\/span><br\/>\n                    <span class=\"person-title is-small thin-font op-7\">\n                                          <\/span>\n                  <\/h4>\n\t\t\t\t\t\n\n<p>Especialista en oftalmolog\u00eda y superficie ocular.<\/p>\n\n                <\/div>\n          <\/div>\n    <\/div>\n\n\t\n    \n\n\t\t<\/div>\n\t\t\t\t\t<\/div>\n\n\t\n\n\t<div id=\"col-1524479309\" class=\"col medium-3 small-12 large-3\"  >\n\t\t\t\t<div class=\"col-inner\"  >\n\t\t\t\n\t\t\t\n\n    <div class=\"box has-hover has-hover box-text-bottom\" >\n\n                  <div class=\"box-image \" style=\"width:80%;\">\n           <div class=\"box-image-inner image-cover\" style=\"border-radius:100%;padding-top:100%;\">\n              <img loading=\"lazy\" decoding=\"async\" width=\"456\" height=\"324\" src=\"https:\/\/clinicadelavision.com.ar\/wordpress\/wp-content\/uploads\/2025\/10\/CDLV-Ana-s-f.png\" class=\"attachment- size-\" alt=\"\" \/>                         <\/div>\n          <\/div>\n         \n          <div class=\"box-text text-center\" >\n                <div class=\"box-text-inner\">\n                  <h4 class=\"uppercase\">\n                    <span class=\"person-name\">Dra. Hern\u00e1ndez Moncada Ana Mar\u00eda<\/span><br\/>\n                    <span class=\"person-title is-small thin-font op-7\">\n                                          <\/span>\n                  <\/h4>\n\t\t\t\t\t\n\n<p>Especialista en oftalmolog\u00eda general y diagn\u00f3stico por im\u00e1genes.<\/p>\n\n                <\/div>\n          <\/div>\n    <\/div>\n\n\t\n    \n\n\t\t<\/div>\n\t\t\t\t\t<\/div>\n\n\t\n\n<\/div>\n\n","protected":false},"excerpt":{"rendered":"","protected":false},"author":1,"featured_media":22,"parent":0,"menu_order":2,"comment_status":"closed","ping_status":"closed","template":"page-transparent-header-light.php","meta":{"footnotes":""},"class_list":["post-96","page","type-page","status-publish","has-post-thumbnail","hentry"],"_links":{"self":[{"href":"https:\/\/clinicadelavision.com.ar\/wordpress\/wp-json\/wp\/v2\/pages\/96","targetHints":{"allow":["GET"]}}],"collection":[{"href":"https:\/\/clinicadelavision.com.ar\/wordpress\/wp-json\/wp\/v2\/pages"}],"about":[{"href":"https:\/\/clinicadelavision.com.ar\/wordpress\/wp-json\/wp\/v2\/types\/page"}],"author":[{"embeddable":true,"href":"https:\/\/clinicadelavision.com.ar\/wordpress\/wp-json\/wp\/v2\/users\/1"}],"replies":[{"embeddable":true,"href":"https:\/\/clinicadelavision.com.ar\/wordpress\/wp-json\/wp\/v2\/comments?post=96"}],"version-history":[{"count":8,"href":"https:\/\/clinicadelavision.com.ar\/wordpress\/wp-json\/wp\/v2\/pages\/96\/revisions"}],"predecessor-version":[{"id":481,"href":"https:\/\/clinicadelavision.com.ar\/wordpress\/wp-json\/wp\/v2\/pages\/96\/revisions\/481"}],"wp:featuredmedia":[{"embeddable":true,"href":"https:\/\/clinicadelavision.com.ar\/wordpress\/wp-json\/wp\/v2\/media\/22"}],"wp:attachment":[{"href":"https:\/\/clinicadelavision.com.ar\/wordpress\/wp-json\/wp\/v2\/media?parent=96"}],"curies":[{"name":"wp","href":"https:\/\/api.w.org\/{rel}","templated":true}]}}