{"id":94,"date":"2013-08-11T19:22:53","date_gmt":"2013-08-11T19:22:53","guid":{"rendered":"http:\/\/localhost:8888\/test\/?page_id=532"},"modified":"2025-10-10T13:05:52","modified_gmt":"2025-10-10T16:05:52","slug":"contacto","status":"publish","type":"page","link":"https:\/\/clinicadelavision.com.ar\/wordpress\/contacto\/","title":{"rendered":"Contacto"},"content":{"rendered":"\n\n\n<iframe src=\"https:\/\/www.google.com\/maps\/embed?pb=!1m18!1m12!1m3!1d3113.1382641869704!2d-62.272701224260146!3d-38.71463447176369!2m3!1f0!2f0!3f0!3m2!1i1024!2i768!4f13.1!3m3!1m2!1s0x95edbcab1e92aa85%3A0x560fa1a3aa089063!2sClinica%20de%20la%20Vision!5e0!3m2!1ses-419!2sar!4v1760112076443!5m2!1ses-419!2sar\" width=\"1920\" height=\"450\" style=\"border:0;\" allowfullscreen=\"yes\" loading=\"lazy\" referrerpolicy=\"no-referrer-when-downgrade\"><\/iframe>\n\n<div class=\"text-center\"><div class=\"is-divider divider clearfix\" style=\"margin-top:50px;margin-bottom:50px;max-width:1000px;height:8px;\"><\/div><\/div>\n\n<div class=\"row\"  id=\"row-542672867\">\n\n\n\t<div id=\"col-1380636906\" class=\"col medium-6 large-6\"  >\n\t\t\t\t<div class=\"col-inner\"  >\n\t\t\t\n\t\t\t\n\n<div class=\"container section-title-container\" ><h3 class=\"section-title section-title-normal\"><b aria-hidden=\"true\"><\/b><span class=\"section-title-main\" >preguntas frecuentes<\/span><b aria-hidden=\"true\"><\/b><\/h3><\/div>\n\n<p class=\"lead\">Por favor antes de hacer la consulta via whatsapp verifique aqu\u00ed si no esta su respuesta<\/p>\n<div class=\"accordion\">\n\n\t<div id=\"accordion-577253410\" class=\"accordion-item\">\n\t\t<a id=\"accordion-577253410-label\" class=\"accordion-title plain\" href=\"#accordion-item-a-partir-de-que-edad-me-puedo-operar-de-astigmatismo\" aria-expanded=\"false\" aria-controls=\"accordion-577253410-content\">\n\t\t\t<button class=\"toggle\" aria-label=\"Toggle\"><i class=\"icon-angle-down\" aria-hidden=\"true\"><\/i><\/button>\n\t\t\t<span>A partir de que edad me puedo operar de astigmatismo<\/span>\n\t\t<\/a>\n\t\t<div id=\"accordion-577253410-content\" class=\"accordion-inner\" aria-labelledby=\"accordion-577253410-label\">\n\t\t\t\n\n<p>Esto depender\u00e1 de tu condici\u00f3n porque cada caso es \u00fanico, el especialista analizar\u00e1 tu estabilidad refractiva y decidir\u00e1 acorde a ello, obt\u00e9n un turno y lo resolveremos juntos.<\/p>\n\n\t\t<\/div>\n\t<\/div>\n\t\n\t<div id=\"accordion-1052877479\" class=\"accordion-item\">\n\t\t<a id=\"accordion-1052877479-label\" class=\"accordion-title plain\" href=\"#accordion-item-tienen-atenci\u00f3n-de-guardia?\" aria-expanded=\"false\" aria-controls=\"accordion-1052877479-content\">\n\t\t\t<button class=\"toggle\" aria-label=\"Toggle\"><i class=\"icon-angle-down\" aria-hidden=\"true\"><\/i><\/button>\n\t\t\t<span>Tienen atenci\u00f3n de guardia?<\/span>\n\t\t<\/a>\n\t\t<div id=\"accordion-1052877479-content\" class=\"accordion-inner\" aria-labelledby=\"accordion-1052877479-label\">\n\t\t\t\n\n<p>No, la atenci\u00f3n es solo con turno de Lunes a viernes de 8 a 17hs<\/p>\n\n\t\t<\/div>\n\t<\/div>\n\t\n\t<div id=\"accordion-440402228\" class=\"accordion-item\">\n\t\t<a id=\"accordion-440402228-label\" class=\"accordion-title plain\" href=\"#accordion-item-cuales-son-los-horarios-de-atenci\u00f3n?\" aria-expanded=\"false\" aria-controls=\"accordion-440402228-content\">\n\t\t\t<button class=\"toggle\" aria-label=\"Toggle\"><i class=\"icon-angle-down\" aria-hidden=\"true\"><\/i><\/button>\n\t\t\t<span>Cuales son los horarios de atenci\u00f3n?<\/span>\n\t\t<\/a>\n\t\t<div id=\"accordion-440402228-content\" class=\"accordion-inner\" aria-labelledby=\"accordion-440402228-label\">\n\t\t\t\n\n<p>LUNES A VIERNES DE 8 A 17HS <\/p>\n\n\t\t<\/div>\n\t<\/div>\n\t\n\t<div id=\"accordion-4116753194\" class=\"accordion-item\">\n\t\t<a id=\"accordion-4116753194-label\" class=\"accordion-title plain\" href=\"#accordion-item-puedo-pagar-en-efectivo?\" aria-expanded=\"false\" aria-controls=\"accordion-4116753194-content\">\n\t\t\t<button class=\"toggle\" aria-label=\"Toggle\"><i class=\"icon-angle-down\" aria-hidden=\"true\"><\/i><\/button>\n\t\t\t<span>Puedo pagar en efectivo?<\/span>\n\t\t<\/a>\n\t\t<div id=\"accordion-4116753194-content\" class=\"accordion-inner\" aria-labelledby=\"accordion-4116753194-label\">\n\t\t\t\n\n<p>Si, aceptamos pagos en efectivo, tarjeta debito\/credito y los medios de pago digitales mas populares<\/p>\n\n\t\t<\/div>\n\t<\/div>\n\t\n\n<\/div>\n\n\t\t<\/div>\n\t\t\t\t\t<\/div>\n\n\t\n\n\t<div id=\"col-1374717290\" class=\"col medium-6 large-6\"  >\n\t\t\t\t<div class=\"col-inner\"  >\n\t\t\t\n\t\t\t\n\n<div class=\"container section-title-container\" ><h3 class=\"section-title section-title-normal\"><b aria-hidden=\"true\"><\/b><span class=\"section-title-main\" >consulta aqu\u00ed<\/span><b aria-hidden=\"true\"><\/b><\/h3><\/div>\n\n\n<div class=\"wpcf7 no-js\" id=\"wpcf7-f11-o1\" lang=\"es-ES\" dir=\"ltr\" data-wpcf7-id=\"11\">\n<div class=\"screen-reader-response\"><p role=\"status\" aria-live=\"polite\" aria-atomic=\"true\"><\/p> <ul><\/ul><\/div>\n<form action=\"\/wordpress\/wp-json\/wp\/v2\/pages\/94#wpcf7-f11-o1\" method=\"post\" class=\"wpcf7-form init\" aria-label=\"Formulario de contacto\" novalidate=\"novalidate\" data-status=\"init\">\n<fieldset class=\"hidden-fields-container\"><input type=\"hidden\" name=\"_wpcf7\" value=\"11\" \/><input type=\"hidden\" name=\"_wpcf7_version\" value=\"6.1.5\" \/><input type=\"hidden\" name=\"_wpcf7_locale\" value=\"es_ES\" \/><input type=\"hidden\" name=\"_wpcf7_unit_tag\" value=\"wpcf7-f11-o1\" \/><input type=\"hidden\" name=\"_wpcf7_container_post\" value=\"0\" \/><input type=\"hidden\" name=\"_wpcf7_posted_data_hash\" value=\"\" \/>\n<\/fieldset>\n<p><label> Nombre y Apellido<br \/>\n<span class=\"wpcf7-form-control-wrap\" data-name=\"your-name\"><input size=\"40\" maxlength=\"400\" class=\"wpcf7-form-control wpcf7-text wpcf7-validates-as-required\" autocomplete=\"name\" aria-required=\"true\" aria-invalid=\"false\" value=\"\" type=\"text\" name=\"your-name\" \/><\/span> <\/label>\n<\/p>\n<p><label> Email<br \/>\n<span class=\"wpcf7-form-control-wrap\" data-name=\"your-email\"><input size=\"40\" maxlength=\"400\" class=\"wpcf7-form-control wpcf7-email wpcf7-validates-as-required wpcf7-text wpcf7-validates-as-email\" autocomplete=\"email\" aria-required=\"true\" aria-invalid=\"false\" value=\"\" type=\"email\" name=\"your-email\" \/><\/span> <\/label>\n<\/p>\n<p><label> Celular<br \/>\n<span class=\"wpcf7-form-control-wrap\" data-name=\"celular\"><input size=\"40\" maxlength=\"400\" class=\"wpcf7-form-control wpcf7-tel wpcf7-text wpcf7-validates-as-tel\" aria-invalid=\"false\" value=\"\" type=\"tel\" name=\"celular\" \/><\/span> <\/label>\n<\/p>\n<p><label> Obra Social<br \/>\n<span class=\"wpcf7-form-control-wrap\" data-name=\"obra-social\"><input size=\"40\" maxlength=\"400\" class=\"wpcf7-form-control wpcf7-text\" aria-invalid=\"false\" value=\"\" type=\"text\" name=\"obra-social\" \/><\/span><\/label>\n<\/p>\n<p><label> Asunto<br \/>\n<span class=\"wpcf7-form-control-wrap\" data-name=\"your-subject\"><input size=\"40\" maxlength=\"400\" class=\"wpcf7-form-control wpcf7-text wpcf7-validates-as-required\" aria-required=\"true\" aria-invalid=\"false\" value=\"\" type=\"text\" name=\"your-subject\" \/><\/span> <\/label>\n<\/p>\n<p><label> Consulta (opcional)<br \/>\n<span class=\"wpcf7-form-control-wrap\" data-name=\"your-message\"><textarea cols=\"40\" rows=\"10\" maxlength=\"2000\" class=\"wpcf7-form-control wpcf7-textarea\" aria-invalid=\"false\" name=\"your-message\"><\/textarea><\/span> <\/label>\n<\/p>\n<p><input class=\"wpcf7-form-control wpcf7-submit has-spinner\" type=\"submit\" value=\"Enviar\" \/>\n<\/p><div class=\"wpcf7-response-output\" aria-hidden=\"true\"><\/div>\n<\/form>\n<\/div>\n\n\n\t\t<\/div>\n\t\t\t\t\t<\/div>\n\n\t\n\n<\/div>\n\n","protected":false},"excerpt":{"rendered":"","protected":false},"author":1,"featured_media":22,"parent":0,"menu_order":0,"comment_status":"closed","ping_status":"closed","template":"page-blank.php","meta":{"footnotes":""},"class_list":["post-94","page","type-page","status-publish","has-post-thumbnail","hentry"],"_links":{"self":[{"href":"https:\/\/clinicadelavision.com.ar\/wordpress\/wp-json\/wp\/v2\/pages\/94","targetHints":{"allow":["GET"]}}],"collection":[{"href":"https:\/\/clinicadelavision.com.ar\/wordpress\/wp-json\/wp\/v2\/pages"}],"about":[{"href":"https:\/\/clinicadelavision.com.ar\/wordpress\/wp-json\/wp\/v2\/types\/page"}],"author":[{"embeddable":true,"href":"https:\/\/clinicadelavision.com.ar\/wordpress\/wp-json\/wp\/v2\/users\/1"}],"replies":[{"embeddable":true,"href":"https:\/\/clinicadelavision.com.ar\/wordpress\/wp-json\/wp\/v2\/comments?post=94"}],"version-history":[{"count":8,"href":"https:\/\/clinicadelavision.com.ar\/wordpress\/wp-json\/wp\/v2\/pages\/94\/revisions"}],"predecessor-version":[{"id":472,"href":"https:\/\/clinicadelavision.com.ar\/wordpress\/wp-json\/wp\/v2\/pages\/94\/revisions\/472"}],"wp:featuredmedia":[{"embeddable":true,"href":"https:\/\/clinicadelavision.com.ar\/wordpress\/wp-json\/wp\/v2\/media\/22"}],"wp:attachment":[{"href":"https:\/\/clinicadelavision.com.ar\/wordpress\/wp-json\/wp\/v2\/media?parent=94"}],"curies":[{"name":"wp","href":"https:\/\/api.w.org\/{rel}","templated":true}]}}