{"id":60,"date":"2016-02-18T15:10:52","date_gmt":"2016-02-18T15:10:52","guid":{"rendered":"http:\/\/flatsome.dev\/?page_id=4041"},"modified":"2026-03-26T17:01:10","modified_gmt":"2026-03-26T20:01:10","slug":"inicio","status":"publish","type":"page","link":"https:\/\/clinicadelavision.com.ar\/wordpress\/","title":{"rendered":"Inicio"},"content":{"rendered":"\n<div class=\"slider-wrapper relative\" id=\"slider-450373035\" >\n    <div class=\"slider slider-nav-circle slider-nav-large slider-nav-light slider-style-normal\"\n        data-flickity-options='{\n            \"cellAlign\": \"center\",\n            \"imagesLoaded\": true,\n            \"lazyLoad\": 1,\n            \"freeScroll\": false,\n            \"wrapAround\": true,\n            \"autoPlay\": 6000,\n            \"pauseAutoPlayOnHover\" : true,\n            \"prevNextButtons\": true,\n            \"contain\" : true,\n            \"adaptiveHeight\" : true,\n            \"dragThreshold\" : 10,\n            \"percentPosition\": true,\n            \"pageDots\": true,\n            \"rightToLeft\": false,\n            \"draggable\": true,\n            \"selectedAttraction\": 0.1,\n            \"parallax\" : 0,\n            \"friction\": 0.6        }'\n        >\n        \n\n\n  <div class=\"banner has-hover\" id=\"banner-1310411517\">\n          <div class=\"banner-inner fill\">\n        <div class=\"banner-bg fill\" >\n            <img loading=\"lazy\" decoding=\"async\" width=\"1536\" height=\"1024\" src=\"https:\/\/clinicadelavision.com.ar\/wordpress\/wp-content\/uploads\/2025\/10\/banner-clv.jpg\" class=\"bg attachment-original size-original\" alt=\"\" \/>                                    \n                    <\/div>\n\t\t\n        <div class=\"banner-layers container\">\n            <div class=\"fill banner-link\"><\/div>            \n\n   <div id=\"text-box-2130679580\" class=\"text-box banner-layer x50 md-x0 lg-x0 y85 md-y50 lg-y50 res-text\">\n                                <div class=\"text-box-content text box-shadow-1\">\n              \n              <div class=\"text-inner text-left\">\n                  \n\n<h3 class=\"uppercase\">somos tu mejor elecci\u00f3n<\/h3>\n<p>Contamos con la tecnolog\u00eda m\u00e1s avanzada, para realizar los tratamientos mas exigentes <\/p>\n\n              <\/div>\n           <\/div>\n                            \n<style>\n#text-box-2130679580 .text-box-content {\n  background-color: rgba(255, 255, 255, 0.94);\n  font-size: 100%;\n}\n#text-box-2130679580 .text-inner {\n  padding: 30px 30px 30px 30px;\n}\n#text-box-2130679580 {\n  width: 90%;\n}\n@media (min-width:550px) {\n  #text-box-2130679580 {\n    width: 44%;\n  }\n}\n<\/style>\n    <\/div>\n \n\n        <\/div>\n      <\/div>\n\n            \n<style>\n#banner-1310411517 {\n  padding-top: 637px;\n}\n#banner-1310411517 .banner-bg img {\n  object-position: 82% 9%;\n}\n<\/style>\n  <\/div>\n\n\n\n  <div class=\"banner has-hover\" id=\"banner-1611370200\">\n          <div class=\"banner-inner fill\">\n        <div class=\"banner-bg fill\" >\n            <img loading=\"lazy\" decoding=\"async\" width=\"1020\" height=\"574\" src=\"https:\/\/clinicadelavision.com.ar\/wordpress\/wp-content\/uploads\/2025\/09\/banner2-1400x788.jpg\" class=\"bg attachment-large size-large\" alt=\"\" \/>                                    \n                    <\/div>\n\t\t\n        <div class=\"banner-layers container\">\n            <div class=\"fill banner-link\"><\/div>            \n\n   <div id=\"text-box-439266600\" class=\"text-box banner-layer x5 md-x5 lg-x5 y90 md-y50 lg-y50 res-text\">\n                                <div class=\"text-box-content text box-shadow-1\">\n              \n              <div class=\"text-inner text-left\">\n                  \n\n<h3 class=\"uppercase\">EXPERIENCIA Y SERIEDAD<\/h3>\n<p>En continua evoluci\u00f3n, nos caracterizamos por estar a la vanguardia en tratamientos, tendencias y equipamiento para la salud visual <\/p>\n\n              <\/div>\n           <\/div>\n                            \n<style>\n#text-box-439266600 .text-box-content {\n  background-color: rgba(255, 255, 255, 0.94);\n  font-size: 100%;\n}\n#text-box-439266600 .text-inner {\n  padding: 30px 30px 30px 30px;\n}\n#text-box-439266600 {\n  width: 88%;\n}\n@media (min-width:550px) {\n  #text-box-439266600 {\n    width: 50%;\n  }\n}\n<\/style>\n    <\/div>\n \n\n        <\/div>\n      <\/div>\n\n            \n<style>\n#banner-1611370200 {\n  padding-top: 637px;\n}\n#banner-1611370200 .banner-bg img {\n  object-position: 37% 63%;\n}\n<\/style>\n  <\/div>\n\n\n\n  <div class=\"banner has-hover\" id=\"banner-1281817832\">\n          <div class=\"banner-inner fill\">\n        <div class=\"banner-bg fill\" >\n            <img loading=\"lazy\" decoding=\"async\" width=\"1020\" height=\"574\" src=\"https:\/\/clinicadelavision.com.ar\/wordpress\/wp-content\/uploads\/2025\/09\/banner4-1400x788.jpg\" class=\"bg attachment-large size-large\" alt=\"\" \/>                                    \n                    <\/div>\n\t\t\n        <div class=\"banner-layers container\">\n            <div class=\"fill banner-link\"><\/div>            \n\n   <div id=\"text-box-1078089758\" class=\"text-box banner-layer x5 md-x5 lg-x5 y90 md-y85 lg-y85 res-text\">\n                                <div class=\"text-box-content text box-shadow-1\">\n              \n              <div class=\"text-inner text-left\">\n                  \n\n<h3 class=\"uppercase\">EXCIMER LASER Y CIRUGIA DE CATARATA CON ULTRASONIDO<\/h3>\n<p>Redescubre el mundo con la cirug\u00eda l\u00e1ser mas avanzada gracias a nuestros equipos de \u00faltima generaci\u00f3n como el Excimer L\u00e1ser\u00a0<\/p>\n\n              <\/div>\n           <\/div>\n                            \n<style>\n#text-box-1078089758 .text-box-content {\n  background-color: rgba(255, 255, 255, 0.94);\n  font-size: 100%;\n}\n#text-box-1078089758 .text-inner {\n  padding: 30px 30px 30px 30px;\n}\n#text-box-1078089758 {\n  width: 88%;\n}\n@media (min-width:550px) {\n  #text-box-1078089758 {\n    width: 53%;\n  }\n}\n<\/style>\n    <\/div>\n \n\n        <\/div>\n      <\/div>\n\n            \n<style>\n#banner-1281817832 {\n  padding-top: 637px;\n}\n#banner-1281817832 .banner-bg img {\n  object-position: 54% 98%;\n}\n<\/style>\n  <\/div>\n\n\n\n     <\/div>\n\n     <div class=\"loading-spin dark large centered\"><\/div>\n\n\t<\/div>\n\n\n<div class=\"text-center\"><div class=\"is-divider divider clearfix\" style=\"max-width:1000px;height:5px;\"><\/div><\/div>\n\n\n\t<section class=\"section\" id=\"section_1058369912\">\n\t\t<div class=\"section-bg fill\" >\n\t\t\t\t\t\t\t\t\t<div class=\"section-bg-overlay absolute fill\"><\/div>\n\t\t\t\n\n\t\t<\/div>\n\n\t\t\n\n\t\t<div class=\"section-content relative\">\n\t\t\t\n\n<div class=\"row row-large align-center row-divided\"  id=\"row-520070647\">\n\n\n\t<div id=\"col-1190080768\" class=\"col medium-3 small-10 large-3\"  >\n\t\t\t\t<div class=\"col-inner\"  >\n\t\t\t\n\t\t\t\n\n\n\t\t<div class=\"icon-box featured-box icon-box-center text-center\"  style=\"margin:0px 0px 0px 0px;\">\n\t\t\t\t\t<div class=\"icon-box-img has-icon-bg\" style=\"width: 60px\">\n\t\t\t\t<div class=\"icon\">\n\t\t\t\t\t<div class=\"icon-inner\" style=\"border-width:3px;\">\n\t\t\t\t\t\t<img loading=\"lazy\" decoding=\"async\" width=\"128\" height=\"128\" src=\"https:\/\/clinicadelavision.com.ar\/wordpress\/wp-content\/uploads\/2025\/09\/human-eye.png\" class=\"attachment-medium size-medium\" alt=\"\" srcset=\"https:\/\/clinicadelavision.com.ar\/wordpress\/wp-content\/uploads\/2025\/09\/human-eye.png 128w, https:\/\/clinicadelavision.com.ar\/wordpress\/wp-content\/uploads\/2025\/09\/human-eye-100x100.png 100w\" sizes=\"auto, (max-width: 128px) 100vw, 128px\" \/>\t\t\t\t\t<\/div>\n\t\t\t\t<\/div>\n\t\t\t<\/div>\n\t\t\t\t<div class=\"icon-box-text last-reset\">\n\t\t\t<h5 class=\"uppercase\">CORECCI\u00d3N DE PRESBICIA<\/h5>\t\t\t\t\t\t\n\n\t<div id=\"text-3171265685\" class=\"text\">\n\t\t\n\n<p>Con el avance de la edad, la presbicia se presenta en muchas personas de manera silenciosa, nosotros tenemos el tratamiento adecuado para Ud. Cons\u00faltenos!<\/p>\n\t\t\n<style>\n#text-3171265685 {\n  color: rgb(194, 194, 194);\n}\n#text-3171265685 > * {\n  color: rgb(194, 194, 194);\n}\n<\/style>\n\t<\/div>\n\t\n\n\t\t<\/div>\n\t<\/div>\n\t\n\t\n\n\t\t<\/div>\n\t\t\t\t\t<\/div>\n\n\t\n\n\t<div id=\"col-497783797\" class=\"col medium-3 small-10 large-3\"  >\n\t\t\t\t<div class=\"col-inner\"  >\n\t\t\t\n\t\t\t\n\n\n\t\t<div class=\"icon-box featured-box icon-box-center text-center\"  style=\"margin:0px 0px 0px 0px;\">\n\t\t\t\t\t<div class=\"icon-box-img has-icon-bg\" style=\"width: 60px\">\n\t\t\t\t<div class=\"icon\">\n\t\t\t\t\t<div class=\"icon-inner\" style=\"border-width:2px;\">\n\t\t\t\t\t\t<img loading=\"lazy\" decoding=\"async\" width=\"64\" height=\"64\" src=\"https:\/\/clinicadelavision.com.ar\/wordpress\/wp-content\/uploads\/2025\/09\/optical-test-1.png\" class=\"attachment-medium size-medium\" alt=\"\" \/>\t\t\t\t\t<\/div>\n\t\t\t\t<\/div>\n\t\t\t<\/div>\n\t\t\t\t<div class=\"icon-box-text last-reset\">\n\t\t\t<h5 class=\"uppercase\">CIRUG\u00cdA DE CATARATA<\/h5>\t\t\t\t\t\t\n\n\t<div id=\"text-563453277\" class=\"text\">\n\t\t\n\n<p>En nuestra cl\u00ednica entendemos el avance tecnol\u00f3gico como complemento de nuestras capacitaciones constantes, es por eso que hemos adquirido el L\u00e1ser Alcon Opmi L\u00famera, uno de los tres que existen en el pa\u00eds.<\/p>\n\t\t\n<style>\n#text-563453277 {\n  color: rgb(194, 194, 194);\n}\n#text-563453277 > * {\n  color: rgb(194, 194, 194);\n}\n<\/style>\n\t<\/div>\n\t\n\n\t\t<\/div>\n\t<\/div>\n\t\n\t\n\n\t\t<\/div>\n\t\t\t\t\t<\/div>\n\n\t\n\n\t<div id=\"col-714014191\" class=\"col medium-3 small-10 large-3\"  >\n\t\t\t\t<div class=\"col-inner\"  >\n\t\t\t\n\t\t\t\n\n\n\t\t<div class=\"icon-box featured-box icon-box-center text-center\"  style=\"margin:0px 0px 0px 0px;\">\n\t\t\t\t\t<div class=\"icon-box-img has-icon-bg\" style=\"width: 60px\">\n\t\t\t\t<div class=\"icon\">\n\t\t\t\t\t<div class=\"icon-inner\" style=\"border-width:2px;\">\n\t\t\t\t\t\t<img loading=\"lazy\" decoding=\"async\" width=\"64\" height=\"64\" src=\"https:\/\/clinicadelavision.com.ar\/wordpress\/wp-content\/uploads\/2025\/09\/laser-pay-logo-1.png\" class=\"attachment-medium size-medium\" alt=\"\" \/>\t\t\t\t\t<\/div>\n\t\t\t\t<\/div>\n\t\t\t<\/div>\n\t\t\t\t<div class=\"icon-box-text last-reset\">\n\t\t\t<h5 class=\"uppercase\">EXIMER LASER LASIK<\/h5>\t\t\t\t\t\t\n\n\t<div id=\"text-1545023826\" class=\"text\">\n\t\t\n\n<p>Tratamos las diferentes patalog\u00edas oculares con tecnolog\u00eda de \u00faltima generaci\u00f3n junto a nuestros especialistas brindandote seguridad y resultados \u00f3ptimos en cada intervenci\u00f3n. <\/p>\n\t\t\n<style>\n#text-1545023826 {\n  color: rgb(194, 194, 194);\n}\n#text-1545023826 > * {\n  color: rgb(194, 194, 194);\n}\n<\/style>\n\t<\/div>\n\t\n\n\t\t<\/div>\n\t<\/div>\n\t\n\t\n\n\t\t<\/div>\n\t\t\t\t\t<\/div>\n\n\t\n\n\t<div id=\"col-21890956\" class=\"col medium-3 small-10 large-3\"  >\n\t\t\t\t<div class=\"col-inner\"  >\n\t\t\t\n\t\t\t\n\n\n\t\t<div class=\"icon-box featured-box icon-box-center text-center\"  style=\"margin:0px 0px 0px 0px;\">\n\t\t\t\t\t<div class=\"icon-box-img has-icon-bg\" style=\"width: 60px\">\n\t\t\t\t<div class=\"icon\">\n\t\t\t\t\t<div class=\"icon-inner\" style=\"border-width:2px;\">\n\t\t\t\t\t\t<img loading=\"lazy\" decoding=\"async\" width=\"64\" height=\"64\" src=\"https:\/\/clinicadelavision.com.ar\/wordpress\/wp-content\/uploads\/2025\/09\/laser-pay-logo-1.png\" class=\"attachment-medium size-medium\" alt=\"\" \/>\t\t\t\t\t<\/div>\n\t\t\t\t<\/div>\n\t\t\t<\/div>\n\t\t\t\t<div class=\"icon-box-text last-reset\">\n\t\t\t<h5 class=\"uppercase\">ENFERMEDAD DE RETINA<\/h5>\t\t\t\t\t\t\n\n\t<div id=\"text-111530489\" class=\"text\">\n\t\t\n\n<p>La retinopat\u00eda diab\u00e9tica es un proceso a largo plazo que da\u00f1a los vasos sangu\u00edneos de la retina. Consultenos sus tratamientos.<\/p>\n\t\t\n<style>\n#text-111530489 {\n  color: rgb(194, 194, 194);\n}\n#text-111530489 > * {\n  color: rgb(194, 194, 194);\n}\n<\/style>\n\t<\/div>\n\t\n\n\t\t<\/div>\n\t<\/div>\n\t\n\t\n\n\t\t<\/div>\n\t\t\t\t\t<\/div>\n\n\t\n\n<\/div>\n\n\t\t<\/div>\n\n\t\t\n<style>\n#section_1058369912 {\n  padding-top: 30px;\n  padding-bottom: 30px;\n  background-color: #446084;\n}\n#section_1058369912 .section-bg-overlay {\n  background-color: rgba(0,0,0,.5);\n}\n<\/style>\n\t<\/section>\n\t\n\n\t<section class=\"section\" id=\"section_857578932\">\n\t\t<div class=\"section-bg fill\" >\n\t\t\t\t\t\t\t\t\t<div class=\"section-bg-overlay absolute fill\"><\/div>\n\t\t\t\n\t<div class=\"is-border\"\n\t\tstyle=\"border-width:1px 0px 1px 0px;\">\n\t<\/div>\n\n\t\t<\/div>\n\n\t\t\n\n\t\t<div class=\"section-content relative\">\n\t\t\t\n\n<div class=\"row row-large align-middle\"  id=\"row-94234882\">\n\n\n\t<div id=\"col-1930365092\" class=\"col medium-6 small-12 large-6\"  >\n\t\t\t\t<div class=\"col-inner\"  >\n\t\t\t\n\t\t\t\n\n\t<div class=\"img has-hover x md-x lg-x y md-y lg-y\" id=\"image_1921504495\">\n\t\t\t\t\t\t\t\t<div class=\"img-inner box-shadow-2 dark\" >\n\t\t\t<img loading=\"lazy\" decoding=\"async\" width=\"576\" height=\"324\" src=\"https:\/\/clinicadelavision.com.ar\/wordpress\/wp-content\/uploads\/2025\/10\/CDLV-Rivero-s.png\" class=\"attachment-large size-large\" alt=\"\" \/>\t\t\t\t\t\t\n\t\t\t\t\t<\/div>\n\t\t\t\t\t\t\t\t\n<style>\n#image_1921504495 {\n  width: 100%;\n}\n<\/style>\n\t<\/div>\n\t\n\n\n\t\t<\/div>\n\t\t\t\t\t<\/div>\n\n\t\n\n\t<div id=\"col-391314563\" class=\"col medium-6 small-12 large-6\"  >\n\t\t\t\t<div class=\"col-inner text-left\"  >\n\t\t\t\n\t\t\t\n\n\t<div id=\"text-1814864150\" class=\"text\">\n\t\t\n\n<h2 class=\"uppercase\">bienvenidos a nuestra web<\/h2>\n<p>Aqui encontraras un resumen de la esencia de nuestros servicios y capacidades. Aquellas que nos han llevado durante a\u00f1os a la posici\u00f3n de privilegio que hoy en d\u00eda ocupamos en el campo de la salud visual. Incansablemente hemos trabajado para brindarle a ud. lo \u00faltimo en tecnolog\u00eda y conocimientos, afrontando desaf\u00edos y cambios constantes logramos que nuestros pacientes esten sumamente satisfechos. Porque sabemos de su padecimiento y sus inconvenientes al tener una visi\u00f3n defectuosa, aqu\u00ed estaremos ofreciendole todo de nuestra parte y as\u00ed encontrar juntos una nueva manera de ver la vida.<\/p>\n\t\t\n<style>\n#text-1814864150 {\n  text-align: center;\n}\n<\/style>\n\t<\/div>\n\t\n\n\t\t<\/div>\n\t\t\t\t\t<\/div>\n\n\t\n\n<\/div>\n\n\t\t<\/div>\n\n\t\t\n<style>\n#section_857578932 {\n  padding-top: 60px;\n  padding-bottom: 60px;\n  background-color: rgb(193, 193, 193);\n}\n#section_857578932 .section-bg-overlay {\n  background-color: rgba(255, 255, 255, 0.85);\n}\n<\/style>\n\t<\/section>\n\t\n\n\t<section class=\"section\" id=\"section_2078387098\">\n\t\t<div class=\"section-bg fill\" >\n\t\t\t\t\t\t\t\t\t<div class=\"section-bg-overlay absolute fill\"><\/div>\n\t\t\t\n\n\t\t<\/div>\n\n\t\t\n\n\t\t<div class=\"section-content relative\">\n\t\t\t\n\n<div class=\"row row-large align-middle\"  id=\"row-418475873\">\n\n\n\t<div id=\"col-304045581\" class=\"col medium-6 small-12 large-6\"  >\n\t\t\t\t<div class=\"col-inner text-left\"  >\n\t\t\t\n\t\t\t\n\n<h2 class=\"uppercase\">tecnolog\u00eda de punta<\/h2>\n<p>Nos caracterizamos por estar en continua evoluci\u00f3n, nos adaptamos y adquirimos tecnolog\u00eda de punta constantemente para siempre brindarle un diagn\u00f3stico y tratamiento adecuado.<br \/>\nEs una necesidad y una obligaci\u00f3n para nosotros continuar capacitandonos profesionalmente en las \u00e1reas donde nos especializamos, para as\u00ed brindar junto a la tecnolog\u00eda, la mejor soluci\u00f3n a su diagn\u00f3stico.<\/p>\n<a href=\"https:\/\/clinicadelavision.com.ar\/equipamiento\" class=\"button primary\" >\n\t\t<span>ver aparatolog\u00eda<\/span>\n\t<\/a>\n\n\n\n\t\t<\/div>\n\t\t\t\t\t<\/div>\n\n\t\n\n\t<div id=\"col-1241255411\" class=\"col medium-6 small-12 large-6\"  >\n\t\t\t\t<div class=\"col-inner\"  >\n\t\t\t\n\t\t\t\n\n<div class=\"slider-wrapper relative\" id=\"slider-888666797\" >\n    <div class=\"slider slider-nav-circle slider-nav-large slider-nav-light slider-style-normal\"\n        data-flickity-options='{\n            \"cellAlign\": \"center\",\n            \"imagesLoaded\": true,\n            \"lazyLoad\": 1,\n            \"freeScroll\": false,\n            \"wrapAround\": true,\n            \"autoPlay\": 6000,\n            \"pauseAutoPlayOnHover\" : true,\n            \"prevNextButtons\": true,\n            \"contain\" : true,\n            \"adaptiveHeight\" : true,\n            \"dragThreshold\" : 10,\n            \"percentPosition\": true,\n            \"pageDots\": true,\n            \"rightToLeft\": false,\n            \"draggable\": true,\n            \"selectedAttraction\": 0.1,\n            \"parallax\" : 0,\n            \"friction\": 0.6        }'\n        >\n        \n\n\t<div class=\"img has-hover x md-x lg-x y md-y lg-y\" id=\"image_1251780895\">\n\t\t\t\t\t\t\t\t<div class=\"img-inner dark\" >\n\t\t\t<img loading=\"lazy\" decoding=\"async\" width=\"1020\" height=\"574\" src=\"https:\/\/clinicadelavision.com.ar\/wordpress\/wp-content\/uploads\/2025\/10\/Clip_01_05_04_05-s.jpg\" class=\"attachment-large size-large\" alt=\"\" srcset=\"https:\/\/clinicadelavision.com.ar\/wordpress\/wp-content\/uploads\/2025\/10\/Clip_01_05_04_05-s.jpg 1152w, https:\/\/clinicadelavision.com.ar\/wordpress\/wp-content\/uploads\/2025\/10\/Clip_01_05_04_05-s-711x400.jpg 711w, https:\/\/clinicadelavision.com.ar\/wordpress\/wp-content\/uploads\/2025\/10\/Clip_01_05_04_05-s-768x432.jpg 768w, https:\/\/clinicadelavision.com.ar\/wordpress\/wp-content\/uploads\/2025\/10\/Clip_01_05_04_05-s-600x338.jpg 600w\" sizes=\"auto, (max-width: 1020px) 100vw, 1020px\" \/>\t\t\t\t\t\t\n\t\t\t\t\t<\/div>\n\t\t\t\t\t\t\t\t\n<style>\n#image_1251780895 {\n  width: 100%;\n}\n<\/style>\n\t<\/div>\n\t\n\n\t<div class=\"img has-hover x md-x lg-x y md-y lg-y\" id=\"image_850958944\">\n\t\t\t\t\t\t\t\t<div class=\"img-inner dark\" >\n\t\t\t<img loading=\"lazy\" decoding=\"async\" width=\"1020\" height=\"574\" src=\"https:\/\/clinicadelavision.com.ar\/wordpress\/wp-content\/uploads\/2025\/10\/Clip_01_01_34_11-s.jpg\" class=\"attachment-large size-large\" alt=\"\" srcset=\"https:\/\/clinicadelavision.com.ar\/wordpress\/wp-content\/uploads\/2025\/10\/Clip_01_01_34_11-s.jpg 1152w, https:\/\/clinicadelavision.com.ar\/wordpress\/wp-content\/uploads\/2025\/10\/Clip_01_01_34_11-s-711x400.jpg 711w, https:\/\/clinicadelavision.com.ar\/wordpress\/wp-content\/uploads\/2025\/10\/Clip_01_01_34_11-s-768x432.jpg 768w, https:\/\/clinicadelavision.com.ar\/wordpress\/wp-content\/uploads\/2025\/10\/Clip_01_01_34_11-s-600x338.jpg 600w\" sizes=\"auto, (max-width: 1020px) 100vw, 1020px\" \/>\t\t\t\t\t\t\n\t\t\t\t\t<\/div>\n\t\t\t\t\t\t\t\t\n<style>\n#image_850958944 {\n  width: 100%;\n}\n<\/style>\n\t<\/div>\n\t\n\n\t<div class=\"img has-hover x md-x lg-x y md-y lg-y\" id=\"image_1930291962\">\n\t\t\t\t\t\t\t\t<div class=\"img-inner dark\" >\n\t\t\t<img loading=\"lazy\" decoding=\"async\" width=\"1020\" height=\"574\" src=\"https:\/\/clinicadelavision.com.ar\/wordpress\/wp-content\/uploads\/2025\/10\/Clip_01_02_30_15-s.jpg\" class=\"attachment-large size-large\" alt=\"\" srcset=\"https:\/\/clinicadelavision.com.ar\/wordpress\/wp-content\/uploads\/2025\/10\/Clip_01_02_30_15-s.jpg 1152w, https:\/\/clinicadelavision.com.ar\/wordpress\/wp-content\/uploads\/2025\/10\/Clip_01_02_30_15-s-711x400.jpg 711w, https:\/\/clinicadelavision.com.ar\/wordpress\/wp-content\/uploads\/2025\/10\/Clip_01_02_30_15-s-768x432.jpg 768w, https:\/\/clinicadelavision.com.ar\/wordpress\/wp-content\/uploads\/2025\/10\/Clip_01_02_30_15-s-600x338.jpg 600w\" sizes=\"auto, (max-width: 1020px) 100vw, 1020px\" \/>\t\t\t\t\t\t\n\t\t\t\t\t<\/div>\n\t\t\t\t\t\t\t\t\n<style>\n#image_1930291962 {\n  width: 100%;\n}\n<\/style>\n\t<\/div>\n\t\n\n\n     <\/div>\n\n     <div class=\"loading-spin dark large centered\"><\/div>\n\n\t<\/div>\n\n\n\n\t\t<\/div>\n\t\t\t\t\t<\/div>\n\n\t\n\n<\/div>\n\n\t\t<\/div>\n\n\t\t\n<style>\n#section_2078387098 {\n  padding-top: 60px;\n  padding-bottom: 60px;\n  background-color: rgb(255, 255, 255);\n}\n#section_2078387098 .section-bg-overlay {\n  background-color: rgba(255, 255, 255, 0.85);\n}\n<\/style>\n\t<\/section>\n\t\n\n\t<section class=\"section\" id=\"section_336526585\">\n\t\t<div class=\"section-bg fill\" >\n\t\t\t\t\t\t\t\t\t<div class=\"section-bg-overlay absolute fill\"><\/div>\n\t\t\t\n\t<div class=\"is-border\"\n\t\tstyle=\"border-width:1px 0px 1px 0px;\">\n\t<\/div>\n\n\t\t<\/div>\n\n\t\t\n\n\t\t<div class=\"section-content relative\">\n\t\t\t\n\n<div class=\"row row-large align-middle\"  id=\"row-1160296589\">\n\n\n\t<div id=\"col-575203960\" class=\"col medium-6 small-12 large-6\"  >\n\t\t\t\t<div class=\"col-inner\"  >\n\t\t\t\n\t\t\t\n\n\t<div class=\"img has-hover x md-x lg-x y md-y lg-y\" id=\"image_342019999\">\n\t\t\t\t\t\t\t\t<div class=\"img-inner box-shadow-2 dark\" >\n\t\t\t<img loading=\"lazy\" decoding=\"async\" width=\"614\" height=\"409\" src=\"https:\/\/clinicadelavision.com.ar\/wordpress\/wp-content\/uploads\/2025\/10\/mel80.png\" class=\"attachment-large size-large\" alt=\"\" srcset=\"https:\/\/clinicadelavision.com.ar\/wordpress\/wp-content\/uploads\/2025\/10\/mel80.png 614w, https:\/\/clinicadelavision.com.ar\/wordpress\/wp-content\/uploads\/2025\/10\/mel80-600x400.png 600w\" sizes=\"auto, (max-width: 614px) 100vw, 614px\" \/>\t\t\t\t\t\t\n\t\t\t\t\t<\/div>\n\t\t\t\t\t\t\t\t\n<style>\n#image_342019999 {\n  width: 100%;\n}\n<\/style>\n\t<\/div>\n\t\n\n\n\t\t<\/div>\n\t\t\t\t\t<\/div>\n\n\t\n\n\t<div id=\"col-1979266896\" class=\"col medium-6 small-12 large-6\"  >\n\t\t\t\t<div class=\"col-inner text-left\"  >\n\t\t\t\n\t\t\t\n\n\t<div id=\"text-1788743319\" class=\"text\">\n\t\t\n\n<h2 class=\"uppercase\">LASER EXCIMER LASER LASIK MEL80 <\/h2>\n<p>El MEL 80\u2122 hace que la correcci\u00f3n visual sea segura, intuitiva y personalizada. Esta plataforma de trabajo ultramoderna est\u00e1 dise\u00f1ada para aumentar la eficiencia y lograr resultados \u00f3ptimos del tratamiento y una r\u00e1pida recuperaci\u00f3n visual. Para lograrlo, el MEL 80\u2122 ofrece ablaci\u00f3n extremadamente r\u00e1pida, seguimiento ocular de alto rendimiento, compensaci\u00f3n de ciclotorsi\u00f3n y planificaci\u00f3n de tratamiento personalizada. Consulta a nuestros especialistas cual es la soluci\u00f3n indicada seg\u00fan tu diagn\u00f3stico<\/p>\n\t\t\n<style>\n#text-1788743319 {\n  text-align: center;\n}\n<\/style>\n\t<\/div>\n\t\n\n\t\t<\/div>\n\t\t\t\t\t<\/div>\n\n\t\n\n<\/div>\n\n\t\t<\/div>\n\n\t\t\n<style>\n#section_336526585 {\n  padding-top: 60px;\n  padding-bottom: 60px;\n  background-color: rgb(193, 193, 193);\n}\n#section_336526585 .section-bg-overlay {\n  background-color: rgba(255, 255, 255, 0.85);\n}\n<\/style>\n\t<\/section>\n\t\n<div class=\"message-box relative dark\" style=\"padding-top:36px;padding-bottom:36px;\"><div class=\"message-box-bg-image bg-fill fill\" ><\/div><div class=\"message-box-bg-overlay bg-fill fill\" style=\"background-color:#223042;\"><\/div><div class=\"container relative\"><div class=\"inner last-reset\">\n\n<div class=\"row align-middle\"  id=\"row-1095302172\">\n\n\n\t<div id=\"col-1932353255\" class=\"col medium-7 small-12 large-7\"  >\n\t\t\t\t<div class=\"col-inner\"  >\n\t\t\t\n\t\t\t\n\n\t<div id=\"text-3376768329\" class=\"text\">\n\t\t\n\n<h2 class=\"uppercase\">GESTI\u00d3N DE turnos online<\/h2>\n<p>Gestiona tu turno desde la comodidad de tu casa, solo debes registrarte y elegir el turno seg\u00fan la disponibilidad de cada especialista.<\/p>\n\t\t\n<style>\n#text-3376768329 {\n  text-align: center;\n}\n<\/style>\n\t<\/div>\n\t\n\n\t\t<\/div>\n\t\t\t\t\t<\/div>\n\n\t\n\n\t<div id=\"col-1005137022\" class=\"col medium-3 small-9 large-3\"  >\n\t\t\t\t<div class=\"col-inner text-right\"  >\n\t\t\t\n\t\t\t\n\n<a data-animate=\"flipInY\" href=\"https:\/\/treelandev.com.ar\/app_pacientes\/loginv2Test.html?token=OTU1MDY0ZTAtZWZjNS0xMWYwLWE5YjgtYmNmY2U3YjM2NDhjJjE=\" target=\"_blank\" class=\"button white is-outline is-larger\" rel=\"noopener\" >\n\t\t<span>TURNOS<\/span>\n\t<\/a>\n\n\n\n\t\t<\/div>\n\t\t\t\t\t<\/div>\n\n\t\n\n<\/div>\n\n<\/div><\/div><\/div>\n\n","protected":false},"excerpt":{"rendered":"","protected":false},"author":1,"featured_media":22,"parent":0,"menu_order":1,"comment_status":"closed","ping_status":"closed","template":"page-blank.php","meta":{"footnotes":""},"class_list":["post-60","page","type-page","status-publish","has-post-thumbnail","hentry"],"_links":{"self":[{"href":"https:\/\/clinicadelavision.com.ar\/wordpress\/wp-json\/wp\/v2\/pages\/60","targetHints":{"allow":["GET"]}}],"collection":[{"href":"https:\/\/clinicadelavision.com.ar\/wordpress\/wp-json\/wp\/v2\/pages"}],"about":[{"href":"https:\/\/clinicadelavision.com.ar\/wordpress\/wp-json\/wp\/v2\/types\/page"}],"author":[{"embeddable":true,"href":"https:\/\/clinicadelavision.com.ar\/wordpress\/wp-json\/wp\/v2\/users\/1"}],"replies":[{"embeddable":true,"href":"https:\/\/clinicadelavision.com.ar\/wordpress\/wp-json\/wp\/v2\/comments?post=60"}],"version-history":[{"count":14,"href":"https:\/\/clinicadelavision.com.ar\/wordpress\/wp-json\/wp\/v2\/pages\/60\/revisions"}],"predecessor-version":[{"id":483,"href":"https:\/\/clinicadelavision.com.ar\/wordpress\/wp-json\/wp\/v2\/pages\/60\/revisions\/483"}],"wp:featuredmedia":[{"embeddable":true,"href":"https:\/\/clinicadelavision.com.ar\/wordpress\/wp-json\/wp\/v2\/media\/22"}],"wp:attachment":[{"href":"https:\/\/clinicadelavision.com.ar\/wordpress\/wp-json\/wp\/v2\/media?parent=60"}],"curies":[{"name":"wp","href":"https:\/\/api.w.org\/{rel}","templated":true}]}}