{"id":363,"date":"2025-09-16T12:03:11","date_gmt":"2025-09-16T15:03:11","guid":{"rendered":"https:\/\/clinicadelavision.com.ar\/wordpress\/?page_id=363"},"modified":"2025-10-10T13:33:20","modified_gmt":"2025-10-10T16:33:20","slug":"tratamientos","status":"publish","type":"page","link":"https:\/\/clinicadelavision.com.ar\/wordpress\/tratamientos\/","title":{"rendered":"Tratamientos"},"content":{"rendered":"\n\n  <div class=\"banner has-hover has-parallax\" id=\"banner-660059591\">\n          <div class=\"banner-inner fill\">\n        <div class=\"banner-bg fill\" data-parallax=\"-2\" data-parallax-container=\".banner\" data-parallax-background>\n            <img loading=\"lazy\" decoding=\"async\" width=\"1920\" height=\"1080\" src=\"https:\/\/clinicadelavision.com.ar\/wordpress\/wp-content\/uploads\/2025\/09\/banner6.jpg\" class=\"bg attachment-original size-original\" alt=\"\" \/>                                    \n                    <\/div>\n\t\t\n        <div class=\"banner-layers container\">\n            <div class=\"fill banner-link\"><\/div>            \n\n   <div id=\"text-box-197124934\" class=\"text-box banner-layer x50 md-x50 lg-x50 y50 md-y50 lg-y50 res-text\">\n                                <div class=\"text-box-content text \">\n              \n              <div class=\"text-inner text-center\">\n                  \n\n\t<div id=\"text-3328629673\" class=\"text\">\n\t\t\n\n<h3 class=\"uppercase\"><strong>tratamientos<\/strong><\/h3>\n<p>Estamos aqu\u00ed para ayudarte<\/p>\n\t\t\n<style>\n#text-3328629673 {\n  font-size: 1rem;\n  line-height: 0.75;\n  color: rgb(255,255,255);\n}\n#text-3328629673 > * {\n  color: rgb(255,255,255);\n}\n<\/style>\n\t<\/div>\n\t\n<div class=\"is-divider divider clearfix\" style=\"max-width:67px;height:5px;\"><\/div>\n\n\n              <\/div>\n           <\/div>\n                            \n<style>\n#text-box-197124934 {\n  width: 77%;\n}\n#text-box-197124934 .text-box-content {\n  font-size: 100%;\n}\n@media (min-width:550px) {\n  #text-box-197124934 {\n    width: 60%;\n  }\n}\n<\/style>\n    <\/div>\n \n\n        <\/div>\n      <\/div>\n\n            \n<style>\n#banner-660059591 {\n  padding-top: 364px;\n}\n#banner-660059591 .banner-bg img {\n  object-position: 65% 59%;\n}\n<\/style>\n  <\/div>\n\n\n<div class=\"container section-title-container\" ><h3 class=\"section-title section-title-center\"><b aria-hidden=\"true\"><\/b><span class=\"section-title-main\" style=\"font-size:undefined%;\">si crees o tienes alguno de estos sintomas, contactanos<\/span><b aria-hidden=\"true\"><\/b><\/h3><\/div>\n\n<div class=\"row\"  id=\"row-1187803906\">\n\n\n\t<div id=\"col-1430917841\" class=\"col medium-5 small-12 large-5\"  >\n\t\t\t\t<div class=\"col-inner\"  >\n\t\t\t\n\t\t\t\n\n\t<div class=\"img has-hover x md-x lg-x y md-y lg-y\" id=\"image_310708695\">\n\t\t\t\t\t\t\t\t<div class=\"img-inner image-cover dark\" style=\"padding-top:75%;\">\n\t\t\t<img loading=\"lazy\" decoding=\"async\" width=\"1536\" height=\"1024\" src=\"https:\/\/clinicadelavision.com.ar\/wordpress\/wp-content\/uploads\/2025\/10\/cataratasok.jpeg\" class=\"attachment-original size-original\" alt=\"\" srcset=\"https:\/\/clinicadelavision.com.ar\/wordpress\/wp-content\/uploads\/2025\/10\/cataratasok.jpeg 1536w, https:\/\/clinicadelavision.com.ar\/wordpress\/wp-content\/uploads\/2025\/10\/cataratasok-600x400.jpeg 600w, https:\/\/clinicadelavision.com.ar\/wordpress\/wp-content\/uploads\/2025\/10\/cataratasok-1200x800.jpeg 1200w, https:\/\/clinicadelavision.com.ar\/wordpress\/wp-content\/uploads\/2025\/10\/cataratasok-768x512.jpeg 768w\" sizes=\"auto, (max-width: 1536px) 100vw, 1536px\" \/>\t\t\t\t\t\t\n\t\t\t\t\t<\/div>\n\t\t\t\t\t\t\t\t\n<style>\n#image_310708695 {\n  width: 99%;\n}\n<\/style>\n\t<\/div>\n\t\n\n\n\t\t<\/div>\n\t\t\t\t\t<\/div>\n\n\t\n\n\t<div id=\"col-1041275651\" class=\"col medium-7 small-12 large-7\"  >\n\t\t\t\t<div class=\"col-inner\"  >\n\t\t\t\n\t\t\t\n\n<h2 class=\"uppercase\">cataratas<\/h2>\n\t<div id=\"text-1128101685\" class=\"text\">\n\t\t\n\n<h5 class=\"uppercase\">cataratas, sintomas y tratamientos<\/h5>\n<p>El fin de las cataratas es el resultado de la aplicaci\u00f3n de la facoemulsificaci\u00f3n, la t\u00e9cnica mas moderna practicada por el 100% de los oftalm\u00f3logos de Estados Unidos. Su aplicaci\u00f3n hace desaparecer antiguas y obsoletas intervenciones de penosas caracter\u00edsticas y constituye en la actualidad uno de los m\u00e1s importantes servicios de la Cl\u00ednica de la Visi\u00f3n. D\u00edgale adios a las inyecciones, puntos y parches con la utilizaci\u00f3n de INFINITI y compruebe sus inmejorables resultados.<\/p>\n\t\t\n<style>\n#text-1128101685 {\n  font-size: 0.85rem;\n  text-align: left;\n}\n@media (min-width:550px) {\n  #text-1128101685 {\n    font-size: 0.85rem;\n  }\n}\n<\/style>\n\t<\/div>\n\t\n  <div class=\"icon-box testimonial-box icon-box-left text-left is-small\">\n                <div class=\"icon-box-img testimonial-image circle\" style=\"width: 52px\">\n              <img loading=\"lazy\" decoding=\"async\" width=\"45\" height=\"45\" src=\"https:\/\/clinicadelavision.com.ar\/wordpress\/wp-content\/uploads\/2025\/10\/jorge.png\" class=\"attachment-thumbnail size-thumbnail\" alt=\"\" \/>        <\/div>\n                <div class=\"icon-box-text p-last-0\">\n          <div class=\"star-rating\" role=\"img\" aria-label=\"Rated 5 out of 5\"><span style=\"width:100%\"><strong class=\"rating\"><\/strong><\/span><\/div>  \t\t\t\t<div class=\"testimonial-text line-height-small italic test_text first-reset last-reset is-italic\">\n            \n\n<h3>Jorge Sebastian Sanchez<\/h3>\n<p>Fui atendido en varias oportunidades por operaci\u00f3n de cataratas en los dos ojos<br \/>\nExcelente atenci\u00f3n.<\/p>\n\n          <\/div>\n          <div class=\"testimonial-meta pt-half\">\n             <strong class=\"testimonial-name test_name\"><\/strong>\n                          <span class=\"testimonial-company test_company\"><\/span>\n          <\/div>\n        <\/div>\n  <\/div>\n\n  \n\n\t\t<\/div>\n\t\t\t\t\t<\/div>\n\n\t\n\n<\/div>\n<div class=\"text-center\"><div class=\"is-divider divider clearfix\" style=\"max-width:1040px;height:5px;\"><\/div><\/div>\n\n<div class=\"row\"  id=\"row-1320578619\">\n\n\n\t<div id=\"col-1164762754\" class=\"col medium-7 small-12 large-7\"  >\n\t\t\t\t<div class=\"col-inner\"  >\n\t\t\t\n\t\t\t\n\n<h2 class=\"uppercase\">glaucoma<\/h2>\n\t<div id=\"text-1218808372\" class=\"text\">\n\t\t\n\n<h5 class=\"uppercase\">glaucoma, sintomas y tratamientos<\/h5>\n<p>Nuestros experimentados profesionales y la aparatolog\u00eda de \u00faltima generaci\u00f3n es nuestra carta de presentaci\u00f3n para el tratamiento y correcci\u00f3n de la mayor\u00eda de los problemas de la vista, como el glaucoma. Esta anomal\u00eda consiste en el da\u00f1o degenerativo y progresivo del nervio \u00f3ptico que se acompa\u00f1a de alteraciones a nivel del campo visual y de un aumento de la presi\u00f3n intraocular. La soluci\u00f3n se logra mediante tratamientos medicamentosos, con l\u00e1ser o con cirug\u00eda si la afecci\u00f3n es muy severa o rebelde.<\/p>\n\t\t\n<style>\n#text-1218808372 {\n  font-size: 0.85rem;\n  text-align: left;\n}\n@media (min-width:550px) {\n  #text-1218808372 {\n    font-size: 0.85rem;\n  }\n}\n<\/style>\n\t<\/div>\n\t\n  <div class=\"icon-box testimonial-box icon-box-left text-left is-small\">\n                <div class=\"icon-box-text p-last-0\">\n          <div class=\"star-rating\" role=\"img\" aria-label=\"Rated 5 out of 5\"><span style=\"width:100%\"><strong class=\"rating\"><\/strong><\/span><\/div>  \t\t\t\t<div class=\"testimonial-text line-height-small italic test_text first-reset last-reset is-italic\">\n            \n\n<h3>Ludmila Marcotrigiano<\/h3>\n<p>Excelente atenci\u00f3n!! Me oper\u00e9 de miop\u00eda y no tuve complicaciones ni nada, qued\u00f3 mi vista al 100%<\/p>\n\n          <\/div>\n          <div class=\"testimonial-meta pt-half\">\n             <strong class=\"testimonial-name test_name\"><\/strong>\n                          <span class=\"testimonial-company test_company\"><\/span>\n          <\/div>\n        <\/div>\n  <\/div>\n\n  \n\n\t\t<\/div>\n\t\t\t\t\t<\/div>\n\n\t\n\n\t<div id=\"col-1766951566\" class=\"col medium-5 small-12 large-5\"  >\n\t\t\t\t<div class=\"col-inner\"  >\n\t\t\t\n\t\t\t\n\n\t<div class=\"img has-hover x md-x lg-x y md-y lg-y\" id=\"image_714301857\">\n\t\t\t\t\t\t\t\t<div class=\"img-inner image-cover dark\" style=\"padding-top:75%;\">\n\t\t\t<img loading=\"lazy\" decoding=\"async\" width=\"307\" height=\"205\" src=\"https:\/\/clinicadelavision.com.ar\/wordpress\/wp-content\/uploads\/2025\/10\/glaucoma.png\" class=\"attachment-original size-original\" alt=\"\" \/>\t\t\t\t\t\t\n\t\t\t\t\t<\/div>\n\t\t\t\t\t\t\t\t\n<style>\n#image_714301857 {\n  width: 99%;\n}\n<\/style>\n\t<\/div>\n\t\n\n\n\t\t<\/div>\n\t\t\t\t\t<\/div>\n\n\t\n\n<\/div>\n<div class=\"text-center\"><div class=\"is-divider divider clearfix\" style=\"max-width:1040px;height:5px;\"><\/div><\/div>\n\n<div class=\"row\"  id=\"row-1507825540\">\n\n\n\t<div id=\"col-1289977535\" class=\"col medium-5 small-12 large-5\"  >\n\t\t\t\t<div class=\"col-inner\"  >\n\t\t\t\n\t\t\t\n\n\t<div class=\"img has-hover x md-x lg-x y md-y lg-y\" id=\"image_1422358454\">\n\t\t\t\t\t\t\t\t<div class=\"img-inner image-cover dark\" style=\"padding-top:50%;\">\n\t\t\t<img loading=\"lazy\" decoding=\"async\" width=\"307\" height=\"205\" src=\"https:\/\/clinicadelavision.com.ar\/wordpress\/wp-content\/uploads\/2025\/10\/presbicia.png\" class=\"attachment-original size-original\" alt=\"\" \/>\t\t\t\t\t\t\n\t\t\t\t\t<\/div>\n\t\t\t\t\t\t\t\t\n<style>\n#image_1422358454 {\n  width: 99%;\n}\n<\/style>\n\t<\/div>\n\t\n\n\n\t\t<\/div>\n\t\t\t\t\t<\/div>\n\n\t\n\n\t<div id=\"col-285942045\" class=\"col medium-7 small-12 large-7\"  >\n\t\t\t\t<div class=\"col-inner\"  >\n\t\t\t\n\t\t\t\n\n<h2 class=\"uppercase\">presbicia<\/h2>\n\t<div id=\"text-2558679016\" class=\"text\">\n\t\t\n\n<h5 class=\"uppercase\">presbicia, sintomas y tratamientos<\/h5>\n<p>La presbicia es un problema visual com\u00fan a partir de los 40 a\u00f1os, causado por la p\u00e9rdida de elasticidad del cristalino que dificulta enfocar de cerca. Sus s\u00edntomas incluyen visi\u00f3n borrosa, necesidad de alejar objetos para leer y cansancio visual. Se trata con anteojos, lentes progresivos, lentes de contacto multifocales o, en algunos casos, con cirug\u00eda.<\/p>\n\t\t\n<style>\n#text-2558679016 {\n  font-size: 0.85rem;\n  text-align: left;\n}\n@media (min-width:550px) {\n  #text-2558679016 {\n    font-size: 0.85rem;\n  }\n}\n<\/style>\n\t<\/div>\n\t\n  <div class=\"icon-box testimonial-box icon-box-left text-left is-small\">\n                <div class=\"icon-box-img testimonial-image circle\" style=\"width: 52px\">\n              <img loading=\"lazy\" decoding=\"async\" width=\"45\" height=\"45\" src=\"https:\/\/clinicadelavision.com.ar\/wordpress\/wp-content\/uploads\/2025\/10\/carlos.png\" class=\"attachment-thumbnail size-thumbnail\" alt=\"\" \/>        <\/div>\n                <div class=\"icon-box-text p-last-0\">\n          <div class=\"star-rating\" role=\"img\" aria-label=\"Rated 5 out of 5\"><span style=\"width:100%\"><strong class=\"rating\"><\/strong><\/span><\/div>  \t\t\t\t<div class=\"testimonial-text line-height-small italic test_text first-reset last-reset is-italic\">\n            \n\n<h3>Carlos Scartascini<\/h3>\n<p>Lejos, la mejor Clinica de Ojos de la ciudad. Excelente atenci\u00f3n y el instrumental m\u00e9dico mas avanzado.<\/p>\n\n          <\/div>\n          <div class=\"testimonial-meta pt-half\">\n             <strong class=\"testimonial-name test_name\"><\/strong>\n                          <span class=\"testimonial-company test_company\"><\/span>\n          <\/div>\n        <\/div>\n  <\/div>\n\n  \n\n\t\t<\/div>\n\t\t\t\t\t<\/div>\n\n\t\n\n<\/div>\n<div class=\"text-center\"><div class=\"is-divider divider clearfix\" style=\"max-width:1040px;height:5px;\"><\/div><\/div>\n\n<div class=\"row\"  id=\"row-524878049\">\n\n\n\t<div id=\"col-640696956\" class=\"col medium-7 small-12 large-7\"  >\n\t\t\t\t<div class=\"col-inner\"  >\n\t\t\t\n\t\t\t\n\n<h2 class=\"uppercase\">retinopatia diabetica<\/h2>\n\t<div id=\"text-2868037175\" class=\"text\">\n\t\t\n\n<h5 class=\"uppercase\">retinopatia, sintomas y tratamientos<\/h5>\n<p>Consiste en el da\u00f1o que origina la diabetes a largo plazo en los peque\u00f1os vasos sangu\u00edneos de la retina. La progresi\u00f3n de la retinopat\u00eda incluye desde alteraciones leves, hasta lesiones graves producidas por falta de irrigaci\u00f3n sangu\u00ednea (isquemia).<br \/>\nHay soluciones? Si, debe controlar estrictamente la glucemia.<br \/>\nQu\u00e9 hay que tener en cuenta? Evitar la hipertensi\u00f3n, el aumento del colesterol, triglic\u00e9ridos y la falta de la funci\u00f3n renal, que pueden empeorar y acelarar su evoluci\u00f3n.<br \/>\nSe trata la renopat\u00eda diab\u00e9tica? Los tratamientos son para detener la enfermedad no para recuperar la visi\u00f3n. Que se aconseja? Un control cl\u00ednico riguroso y un examen oftalmol\u00f3fico peri\u00f3dico (anul en pacientes que no padecen retinopat\u00eda o si \u00e9sta es de grado leve), permiten diagnosticar y tratar a tiempo, antes de llegar a una p\u00e9rdida grave de la visi\u00f3n.<\/p>\n\t\t\n<style>\n#text-2868037175 {\n  font-size: 0.85rem;\n  text-align: left;\n}\n@media (min-width:550px) {\n  #text-2868037175 {\n    font-size: 0.85rem;\n  }\n}\n<\/style>\n\t<\/div>\n\t\n  <div class=\"icon-box testimonial-box icon-box-left text-left is-small\">\n                <div class=\"icon-box-img testimonial-image circle\" style=\"width: 52px\">\n              <img loading=\"lazy\" decoding=\"async\" width=\"45\" height=\"45\" src=\"https:\/\/clinicadelavision.com.ar\/wordpress\/wp-content\/uploads\/2025\/10\/eze.png\" class=\"attachment-thumbnail size-thumbnail\" alt=\"\" \/>        <\/div>\n                <div class=\"icon-box-text p-last-0\">\n          <div class=\"star-rating\" role=\"img\" aria-label=\"Rated 5 out of 5\"><span style=\"width:100%\"><strong class=\"rating\"><\/strong><\/span><\/div>  \t\t\t\t<div class=\"testimonial-text line-height-small italic test_text first-reset last-reset is-italic\">\n            \n\n<h3>Ezquiel Paez<\/h3>\n<p>Quiero agradecer a Clinica de la Visi\u00f3n, y en particular al doctor Rivero y su equipo por el trato recibido, fui atendido con un nivel profesional de excelencia, con aparatologia de ultima generaci\u00f3n pero sobre todo por la calidez humana que uno recibe hasta en los mas minimos detalles!<\/p>\n\n          <\/div>\n          <div class=\"testimonial-meta pt-half\">\n             <strong class=\"testimonial-name test_name\"><\/strong>\n                          <span class=\"testimonial-company test_company\"><\/span>\n          <\/div>\n        <\/div>\n  <\/div>\n\n  \n\n\t\t<\/div>\n\t\t\t\t\t<\/div>\n\n\t\n\n\t<div id=\"col-1420642049\" class=\"col medium-5 small-12 large-5\"  >\n\t\t\t\t<div class=\"col-inner\"  >\n\t\t\t\n\t\t\t\n\n\t<div class=\"img has-hover x md-x lg-x y md-y lg-y\" id=\"image_1491680111\">\n\t\t\t\t\t\t\t\t<div class=\"img-inner image-cover dark\" style=\"padding-top:75%;\">\n\t\t\t<img loading=\"lazy\" decoding=\"async\" width=\"307\" height=\"205\" src=\"https:\/\/clinicadelavision.com.ar\/wordpress\/wp-content\/uploads\/2025\/10\/retinopatia.png\" class=\"attachment-original size-original\" alt=\"\" \/>\t\t\t\t\t\t\n\t\t\t\t\t<\/div>\n\t\t\t\t\t\t\t\t\n<style>\n#image_1491680111 {\n  width: 99%;\n}\n<\/style>\n\t<\/div>\n\t\n\n\n\t\t<\/div>\n\t\t\t\t\t<\/div>\n\n\t\n\n<\/div>\n<div class=\"text-center\"><div class=\"is-divider divider clearfix\" style=\"max-width:1040px;height:5px;\"><\/div><\/div>\n\n<div class=\"row\"  id=\"row-346361285\">\n\n\n\t<div id=\"col-523945669\" class=\"col medium-5 small-12 large-5\"  >\n\t\t\t\t<div class=\"col-inner\"  >\n\t\t\t\n\t\t\t\n\n<div class=\"video video-fit mb\" style=\"padding-top:56.25%;\"><iframe loading=\"lazy\" title=\"Camino a la cirugia\" width=\"1020\" height=\"574\" src=\"https:\/\/www.youtube.com\/embed\/ua7kXBk1OMs?feature=oembed\" frameborder=\"0\" allow=\"accelerometer; autoplay; clipboard-write; encrypted-media; gyroscope; picture-in-picture; web-share\" referrerpolicy=\"strict-origin-when-cross-origin\" allowfullscreen><\/iframe><\/div>\n\n\n\t\t<\/div>\n\t\t\t\t\t<\/div>\n\n\t\n\n\t<div id=\"col-324884511\" class=\"col medium-7 small-12 large-7\"  >\n\t\t\t\t<div class=\"col-inner\"  >\n\t\t\t\n\t\t\t\n\n<h2 class=\"uppercase\">Video explicativo de la Cirug\u00eda Refractiva<\/h2>\n\t<div id=\"text-3350492136\" class=\"text\">\n\t\t\n\n<h5 class=\"uppercase\">cirugia refractiva, sintomas y tratamientos<\/h5>\n<p>Ver el mundo con sus propios ojos es la propuesta de la Cl\u00ednica de la Visi\u00f3n, que ofrece tratamientos con el nuevo Excimer L\u00e1ser Mel 80 de Carl Zeizz, para corregir hipermetrop\u00eda, astigmatismo y miop\u00eda. La aplicaci\u00f3n de este m\u00e9todo s\u00f3lo necesita complementar seis pasos en pocos segundos para la obtenci\u00f3n de resultados fiables y sin hospitalizaci\u00f3n.<\/p>\n\t\t\n<style>\n#text-3350492136 {\n  font-size: 0.85rem;\n  text-align: left;\n}\n@media (min-width:550px) {\n  #text-3350492136 {\n    font-size: 0.85rem;\n  }\n}\n<\/style>\n\t<\/div>\n\t\n  <div class=\"icon-box testimonial-box icon-box-left text-left is-small\">\n                <div class=\"icon-box-img testimonial-image circle\" style=\"width: 52px\">\n              <img loading=\"lazy\" decoding=\"async\" width=\"45\" height=\"45\" src=\"https:\/\/clinicadelavision.com.ar\/wordpress\/wp-content\/uploads\/2025\/10\/l.png\" class=\"attachment-thumbnail size-thumbnail\" alt=\"\" \/>        <\/div>\n                <div class=\"icon-box-text p-last-0\">\n          <div class=\"star-rating\" role=\"img\" aria-label=\"Rated 5 out of 5\"><span style=\"width:100%\"><strong class=\"rating\"><\/strong><\/span><\/div>  \t\t\t\t<div class=\"testimonial-text line-height-small italic test_text first-reset last-reset is-italic\">\n            \n\n<h3>Lucrecia Tolosa<\/h3>\n<p>Soy paciente del Dr. Rivero desde mi infancia y no puedo estar m\u00e1s agradecida. Despu\u00e9s de toda una vida usando anteojos, este a\u00f1o me oper\u00e9 con \u00e9l y estoy muy feliz. Es un m\u00e9dico excelente, que no solo destaca por su profesionalismo, sino tambi\u00e9n por su trato c\u00e1lido y humano que te da confianza en todo momento. \u00a1Lo recomiendo sin dudarlo!<\/p>\n\n          <\/div>\n          <div class=\"testimonial-meta pt-half\">\n             <strong class=\"testimonial-name test_name\"><\/strong>\n                          <span class=\"testimonial-company test_company\"><\/span>\n          <\/div>\n        <\/div>\n  <\/div>\n\n  \n\n\t\t<\/div>\n\t\t\t\t\t<\/div>\n\n\t\n\n<\/div>\n\n","protected":false},"excerpt":{"rendered":"","protected":false},"author":1,"featured_media":22,"parent":0,"menu_order":3,"comment_status":"closed","ping_status":"closed","template":"page-blank.php","meta":{"footnotes":""},"class_list":["post-363","page","type-page","status-publish","has-post-thumbnail","hentry"],"_links":{"self":[{"href":"https:\/\/clinicadelavision.com.ar\/wordpress\/wp-json\/wp\/v2\/pages\/363","targetHints":{"allow":["GET"]}}],"collection":[{"href":"https:\/\/clinicadelavision.com.ar\/wordpress\/wp-json\/wp\/v2\/pages"}],"about":[{"href":"https:\/\/clinicadelavision.com.ar\/wordpress\/wp-json\/wp\/v2\/types\/page"}],"author":[{"embeddable":true,"href":"https:\/\/clinicadelavision.com.ar\/wordpress\/wp-json\/wp\/v2\/users\/1"}],"replies":[{"embeddable":true,"href":"https:\/\/clinicadelavision.com.ar\/wordpress\/wp-json\/wp\/v2\/comments?post=363"}],"version-history":[{"count":10,"href":"https:\/\/clinicadelavision.com.ar\/wordpress\/wp-json\/wp\/v2\/pages\/363\/revisions"}],"predecessor-version":[{"id":478,"href":"https:\/\/clinicadelavision.com.ar\/wordpress\/wp-json\/wp\/v2\/pages\/363\/revisions\/478"}],"wp:featuredmedia":[{"embeddable":true,"href":"https:\/\/clinicadelavision.com.ar\/wordpress\/wp-json\/wp\/v2\/media\/22"}],"wp:attachment":[{"href":"https:\/\/clinicadelavision.com.ar\/wordpress\/wp-json\/wp\/v2\/media?parent=363"}],"curies":[{"name":"wp","href":"https:\/\/api.w.org\/{rel}","templated":true}]}}